{"id":2953,"date":"2025-03-14T19:42:28","date_gmt":"2025-03-14T19:42:28","guid":{"rendered":"https:\/\/blanqhia.com\/?page_id=2953"},"modified":"2026-04-07T04:03:23","modified_gmt":"2026-04-07T04:03:23","slug":"contacto","status":"publish","type":"page","link":"https:\/\/blanqhia.com\/eng\/contacto\/","title":{"rendered":"Contact Us"},"content":{"rendered":"<div class=\"brz brz-root__container brz-reset-all brz-root__container-page\">\n<section id=\"zvPfpaL4koaS_zvPfpaL4koaS\" class=\"brz-section brz-css-d-section brz-css-1rgsysy\">\n<div class=\"brz-section__content brz-section--boxed brz-css-d-sectionitem-bg brz-css-q3w9dh\" data-brz-custom-id=\"hUmDkxsYK56u\">\n<div class=\"brz-container brz-css-d-sectionitem-container brz-css-ycgzzj\">\n<div class=\"brz-row__container brz-css-d-row-row brz-css-d0baik\" data-brz-custom-id=\"xxXoLge1RXNG\">\n<div class=\"brz-row brz-css-d-row-container brz-css-r-row-container brz-css-ot4q0d\">\n<div class=\"brz-columns brz-css-d-column-column brz-css-1fqdo4n\" data-brz-custom-id=\"i3kROx_qVgND\">\n<div class=\"brz-column__items brz-css-d-column-bg brz-css-io3kte\">\n<div id=\"\" class=\"brz-css-d-wrapper brz-css-np82j3 brz-wrapper\">\n<div class=\"brz-rich-text brz-rich-text__custom brz-css-d-richtext brz-css-1d02aph\" data-brz-custom-id=\"kmyUghkfgjxB\">\n<div data-brz-translate-text=\"1\">\n<h1 class=\"brz-text-lg-center brz-tp-lg-heading1 brz-css-tENzY\" data-uniq-id=\"nVt1N\" data-generated-css=\"brz-css-zUjUy\">Contact Us<\/h1>\n<\/div>\n<\/div>\n<\/div>\n<div id=\"\" class=\"brz-css-d-wrapper brz-css-r-wrapper brz-css-1l8u2ma brz-wrapper\">\n<div class=\"brz-spacer brz-css-d-spacer brz-css-jsh81v\"><\/div>\n<\/div>\n<div id=\"\" class=\"brz-css-d-wrapper brz-css-15y6pts brz-wrapper\">\n<div class=\"brz-rich-text brz-rich-text__custom brz-css-d-richtext brz-css-1un7d1j\" data-brz-custom-id=\"ldb9vKkPAXbd\">\n<div data-brz-translate-text=\"1\">\n<p class=\"brz-tp-lg-subtitle brz-text-lg-center brz-css-nhL9u\" data-uniq-id=\"vyf9c\" data-generated-css=\"brz-css-a1SXJ\"><span class=\"brz-cp-color7\">Have questions about our services?<\/span><\/p>\n<\/div>\n<\/div>\n<\/div>\n<div id=\"\" class=\"brz-css-d-wrapper brz-css-sblunu brz-wrapper\">\n<div class=\"brz-image brz-css-d-image-hlpsrnsjzzak-parent brz-css-1gt9lz8\" data-brz-custom-id=\"hLPSRnSjZzAK\"><img decoding=\"async\" class=\"brz-img brz-img-svg\" src=\"https:\/\/blanqhia.com\/wp-content\/uploads\/2025\/08\/11993cc9f43ef7b475773673ea364f07.svg\" loading=\"lazy\" title=\"\"><\/div>\n<\/div>\n<\/div>\n<\/div>\n<\/div>\n<\/div>\n<\/div>\n<\/div>\n<\/section>\n<section id=\"xUWmFuNi2GMN_xUWmFuNi2GMN\" class=\"brz-section brz-css-d-section brz-css-4595n4\">\n<div class=\"brz-section__content brz-section--boxed brz-css-d-sectionitem-bg brz-css-1g5k1dj\" data-brz-custom-id=\"dCl67anxCzxY\">\n<div class=\"brz-bg\">\n<div class=\"brz-bg-color\"><\/div>\n<\/div>\n<div class=\"brz-container brz-css-d-sectionitem-container brz-css-y1ldiv\">\n<div class=\"brz-row__container brz-css-d-row-row brz-css-cbohpx\" data-brz-custom-id=\"uFiFlvXKyyeD\">\n<div class=\"brz-row brz-css-d-row-container brz-css-r-row-container brz-css-13a0mhf\">\n<div class=\"brz-columns brz-css-d-column-column brz-css-v97tqr\" data-brz-custom-id=\"o32dDS0HaVNL\">\n<div class=\"brz-column__items brz-css-d-column-bg brz-css-1xnrosc\">\n<div id=\"\" class=\"brz-css-d-wrapper brz-css-jslsxk brz-wrapper\">\n<div class=\"brz-image brz-css-d-image-wt24t5bjc3ga-parent brz-css-h79znk\" data-brz-custom-id=\"wT24t5bjC3ga\"><img decoding=\"async\" class=\"brz-img\" src=\"https:\/\/blanqhia.com\/wp-content\/uploads\/2024\/07\/433442252_767610082133342_1991502450488270914_n.jpg\" loading=\"lazy\" title=\"Camioneta de Blanqh\u00eda utilizada para recolecci\u00f3n y entrega de servicio a domicilio gratuito y Tintorer\u00eda en puerto Vallarta\"><\/div>\n<\/div>\n<\/div>\n<\/div>\n<div class=\"brz-columns brz-css-d-column-column brz-css-5wwtie\" data-brz-custom-id=\"rl8i4FemSQRZ\">\n<div class=\"brz-column__items brz-css-d-column-bg brz-css-o363gk\">\n<div id=\"\" class=\"brz-css-d-wrapper brz-css-1lsehar brz-wrapper\">\n<div class=\"brz-rich-text brz-rich-text__custom brz-css-d-richtext brz-css-8asppn\" data-brz-custom-id=\"xQQT5Desu3DS\">\n<div data-brz-translate-text=\"1\">\n<p class=\"brz-text-lg-left brz-tp-lg-heading2 brz-text-xs-center brz-css-usKsb\" data-uniq-id=\"sjYny\" data-generated-css=\"brz-css-um0hp\"><span>We\u2019re here to help you.<\/span><\/p>\n<\/div>\n<\/div>\n<\/div>\n<div id=\"\" class=\"brz-css-d-wrapper brz-css-r-wrapper brz-css-rvyrj8 brz-wrapper\">\n<div class=\"brz-spacer brz-css-d-spacer brz-css-pc079p\"><\/div>\n<\/div>\n<div id=\"\" class=\"brz-css-d-wrapper brz-css-62qknu brz-wrapper\">\n<div class=\"brz-rich-text brz-rich-text__custom brz-css-d-richtext brz-css-afei0k\" data-brz-custom-id=\"mfNZlaOMsiah\">\n<div data-brz-translate-text=\"1\">\n<p class=\"brz-text-lg-left brz-tp-lg-paragraph brz-text-xs-center brz-css-cbs7O\" data-uniq-id=\"phwOP\" data-generated-css=\"brz-css-qAb02\"><span class=\"brz-cp-color7\">At <\/span><strong class=\"brz-cp-color7\">BLANQH\u00cdA<\/strong><span class=\"brz-cp-color7\">we\u2019re committed to providing you with the best service. Feel free to reach out through any of our contact channels to request information, get a quote, or ask any questions about our <\/span><strong class=\"brz-cp-color7\">laundry, dry cleaning, or ironing services.<\/strong><span class=\"brz-cp-color7\">.<\/span><\/p>\n<\/div>\n<\/div>\n<\/div>\n<div id=\"\" class=\"brz-css-d-wrapper brz-css-r-wrapper brz-css-1ezfgt brz-wrapper\">\n<div class=\"brz-spacer brz-css-d-spacer brz-css-h7kng0\"><\/div>\n<\/div>\n<div id=\"\" class=\"brz-css-d-wrapper brz-css-1apnjw brz-wrapper\">\n<div class=\"brz-rich-text brz-rich-text__custom brz-css-d-richtext brz-css-dvgaxn\" data-brz-custom-id=\"eKW27DOz7Gj7\">\n<div data-brz-translate-text=\"1\">\n<h5 data-uniq-id=\"fSyL5\" data-generated-css=\"brz-css-hLlhW\" class=\"brz-text-xs-center brz-lh-lg-1_4 brz-ls-lg-0 brz-fw-lg-400 brz-fss-lg-px brz-fs-lg-30 brz-ft-upload brz-ff-638eae2a7bf4acb204a80c625af527eb brz-text-lg-left brz-mb-lg-5 brz-tp-lg-heading5 brz-css-vFFUc\"><a class=\"link--external brz-cp-color7 docs-creator\" href=\"mailto:contacto@blanqhia.com\" data-brz-link-type=\"external\">contacto@blanqhia.com<\/a><\/h5>\n<\/div>\n<\/div>\n<\/div>\n<div id=\"\" class=\"brz-css-d-wrapper brz-css-12oq9dv brz-wrapper\">\n<div class=\"brz-rich-text brz-rich-text__custom brz-css-d-richtext brz-css-qbxn2s\" data-brz-custom-id=\"bAm96EBhUGFU\">\n<div data-brz-translate-text=\"1\">\n<h5 class=\"brz-tp-lg-heading5 brz-text-lg-left brz-text-xs-center brz-css-l0Pg2\" data-uniq-id=\"pdHl8\" data-generated-css=\"brz-css-sENyH\"><a class=\"brz-cp-color3 docs-creator link--external\" href=\"\/eng\/3221079851\/\" data-brz-link-type=\"external\">+52 (322)-1079-851<\/a><\/h5>\n<\/div>\n<\/div>\n<\/div>\n<div id=\"\" class=\"brz-css-d-wrapper brz-css-r-wrapper brz-css-10waa9u brz-wrapper\">\n<div class=\"brz-spacer brz-css-d-spacer brz-css-1w4fnt9\"><\/div>\n<\/div>\n<div class=\"brz-wrapper-clone brz-flex-xs-wrap brz-css-d-cloneable brz-css-1tvq9js\" data-brz-custom-id=\"cOVtbE7N3_7O\">\n<div class=\"brz-icon__container\" data-brz-custom-id=\"vcmLAz4U0Yjk\"><a class=\"brz-a\" target=\"_self\" rel=\"noopener\" href=\"https:\/\/www.facebook.com\/blanqhia\" data-brz-link-type=\"external\"><span class=\"brz-icon brz-span brz-css-d-icon-icon brz-css-10bb6ck\"><\/span><\/a><\/div>\n<div class=\"brz-icon__container\" data-brz-custom-id=\"gG4iFcwWT0fh\"><a class=\"brz-a\" target=\"_self\" rel=\"noopener\" href=\"https:\/\/www.instagram.com\/blanqhia_tintoreria\/\" data-brz-link-type=\"external\"><span class=\"brz-icon brz-span brz-css-d-icon-icon brz-css-c13smk\"><\/span><\/a><\/div>\n<div class=\"brz-icon__container\" data-brz-custom-id=\"skNzpPd8N6ox\"><a class=\"brz-a\" target=\"_self\" rel=\"noopener\" href=\"https:\/\/wa.me\/523221079851\" data-brz-link-type=\"external\"><span class=\"brz-icon brz-span brz-css-d-icon-icon brz-css-1rb5hpa\"><\/span><\/a><\/div>\n<div class=\"brz-icon__container\" data-brz-custom-id=\"us6t1nWbz0Xi\"><a class=\"brz-a\" target=\"_self\" rel=\"noopener\" href=\"mailto:contacto@blanqhia.com\" data-brz-link-type=\"external\"><span class=\"brz-icon brz-span brz-css-d-icon-icon brz-css-cdyr23\"><\/span><\/a><\/div>\n<\/div>\n<\/div>\n<\/div>\n<\/div>\n<\/div>\n<div id=\"\" class=\"brz-css-d-wrapper brz-css-r-wrapper brz-css-dx2asv brz-wrapper\">\n<div class=\"brz-spacer brz-css-d-spacer brz-css-ll3ttp\"><\/div>\n<\/div>\n<div class=\"brz-row__container brz-css-d-row-row brz-css-17qp6he\" data-brz-custom-id=\"u_guOqTk0vFu\">\n<div class=\"brz-row brz-css-d-row-container brz-css-r-row-container brz-css-bn18hk\">\n<div class=\"brz-columns brz-css-d-column-column brz-css-1eymzqi\" data-brz-custom-id=\"owCr8IcFeNHo\">\n<div class=\"brz-column__items brz-css-d-column-bg brz-css-dlqd0p\">\n<div id=\"\" class=\"brz-css-d-wrapper brz-css-d3grvm brz-wrapper\">\n<div class=\"brz-rich-text brz-rich-text__custom brz-css-d-richtext brz-css-1j5mba0\" data-brz-custom-id=\"r5jyOGX08WRE\">\n<div data-brz-translate-text=\"1\">\n<h3 data-generated-css=\"brz-css-xd24M\" data-uniq-id=\"j4ySD\" class=\"brz-tp-lg-heading3 brz-css-xIhcb\">How can we <span class=\"brz-cp-color5\">Help you<\/span>.<\/h3>\n<\/div>\n<\/div>\n<\/div>\n<\/div>\n<\/div>\n<div class=\"brz-columns brz-css-d-column-column brz-css-os81dy\" data-brz-custom-id=\"av9NNGvOL1h0\">\n<div class=\"brz-column__items brz-css-d-column-bg brz-css-109i3cu\">\n<div id=\"\" class=\"brz-css-d-wrapper brz-css-1yrbw5a brz-wrapper\">\n<div data-brz-form-version=\"2\" class=\"brz-forms2 brz-css-d-form2-form brz-css-1kd216p\" data-brz-custom-id=\"aLLDtp9Y9aEL\">\n<div data-brz-translate-text=\"1\" class=\"brz-forms2__item brz-css-d-form2fields-fields brz-css-4xlxdx brz-css-d-form2field-field brz-css-6iz6bw\"><\/div>\n<div data-brz-translate-text=\"1\" class=\"brz-forms2__item brz-css-d-form2fields-fields brz-css-4xlxdx brz-css-d-form2field-field brz-css-1uqee5x\"><\/div>\n<div data-brz-translate-text=\"1\" class=\"brz-forms2__item brz-css-d-form2fields-fields brz-css-4xlxdx brz-css-d-form2field-field brz-css-p0xkzu\"><\/div>\n<div data-brz-translate-text=\"1\" class=\"brz-forms2__item brz-css-d-form2fields-fields brz-css-4xlxdx brz-css-d-form2field-field brz-css-11jv3zc\"><\/div>\n<div data-brz-translate-text=\"1\" class=\"brz-forms2__item brz-css-d-form2fields-fields brz-css-4xlxdx brz-css-d-form2field-field brz-css-y2s2s2\"><textarea id=\"dVDzz085E1WS_b4aa87b473a6a28bf22b\" name=\"n2jGcqqKeOp1\" data-brz-type=\"Paragraph\" data-brz-label=\"Mensaje\" data-brz-placeholder=\"Mensaje\" class=\"brz-textarea brz-forms2__field brz-forms2__field-paragraph\"><\/textarea><\/div>\n<div class=\"brz-forms2 brz-forms2__item brz-forms2__item-button\" data-brz-custom-id=\"aLLDtp9Y9aEL\"><button class=\"brz-btn brz-btn-submit brz-css-d-button-bg brz-css-1i4y5n8\" data-brz-custom-id=\"w_cceuXcEKQm\"><span data-brz-translate-text=\"1\" class=\"brz-span brz-text__editor\">SEND MESSAGE<\/span><\/button><\/div>\n<div class=\"brz-g-recaptcha\" data-sitekey=\"\" data-size=\"invisible\" data-callback=\"brzFormV2Captcha\"><\/div>\n<\/div>\n<\/div>\n<\/div>\n<\/div>\n<\/div>\n<\/div>\n<\/div>\n<\/div>\n<\/section><\/div>\n<p><!-- version:1770167300 --><\/p>","protected":false},"excerpt":{"rendered":"<p>Cont\u00e1ctanos \u00bfTienes dudas acerca de nuestros servicios? Estamos aqu\u00ed para ayudarte. En BLANQH\u00cdA, queremos brindarte la mejor atenci\u00f3n. Puedes comunicarte con nosotros a trav\u00e9s de cualquiera de nuestros canales de contacto para solicitar informaci\u00f3n, cotizaciones o resolver cualquier duda sobre nuestros servicios de lavander\u00eda, tintorer\u00eda y planchado. contacto@blanqhia.com +52 (322)-1079-851 D\u00e9janos saber c\u00f3mo podemos ayudarte.&hellip;&nbsp;<\/p>","protected":false},"author":1,"featured_media":569,"parent":0,"menu_order":0,"comment_status":"closed","ping_status":"closed","template":"brizy-blank-template.php","meta":{"neve_meta_sidebar":"","neve_meta_container":"","neve_meta_enable_content_width":"","neve_meta_content_width":0,"neve_meta_title_alignment":"","neve_meta_author_avatar":"","neve_post_elements_order":"","neve_meta_disable_header":"","neve_meta_disable_footer":"","neve_meta_disable_title":"","footnotes":""},"class_list":["post-2953","page","type-page","status-publish","has-post-thumbnail","hentry"],"yoast_head":"<!-- This site is optimized with the Yoast SEO Premium plugin v23.1 (Yoast SEO v27.4) - https:\/\/yoast.com\/product\/yoast-seo-premium-wordpress\/ -->\n<title>Cont\u00e1ctanos | Lavander\u00eda y Tintorer\u00eda en Puerto Vallarta<\/title>\n<meta name=\"description\" content=\"Comun\u00edcate para servicios profesionales de lavander\u00eda y tintorer\u00eda en Puerto Vallarta. Ofrecemos lavado, planchado y servicio a domicilio.\" \/>\n<meta name=\"robots\" content=\"index, follow, max-snippet:-1, max-image-preview:large, max-video-preview:-1\" \/>\n<link rel=\"canonical\" href=\"https:\/\/blanqhia.com\/eng\/contacto\/\" \/>\n<meta property=\"og:locale\" content=\"en_US\" \/>\n<meta property=\"og:type\" content=\"article\" \/>\n<meta property=\"og:title\" content=\"BLANQH\u00cdA | La mejor Tintorer\u00eda y Lavander\u00eda en Puerto Vallarta\" \/>\n<meta property=\"og:description\" content=\"Limpieza en seco, planchado impecable, autoservicio y servicio a domicilio. Cuidamos tu ropa con productos de calidad.\" \/>\n<meta property=\"og:url\" content=\"https:\/\/blanqhia.com\/eng\/contacto\/\" \/>\n<meta property=\"og:site_name\" content=\"BLANQH\u00cdA\" \/>\n<meta property=\"article:publisher\" content=\"https:\/\/www.facebook.com\/blanqhia\" \/>\n<meta property=\"article:modified_time\" content=\"2026-04-07T04:03:23+00:00\" \/>\n<meta property=\"og:image\" content=\"https:\/\/blanqhia.com\/wp-content\/uploads\/2024\/07\/433442252_767610082133342_1991502450488270914_n.jpg\" \/>\n\t<meta property=\"og:image:width\" content=\"1079\" \/>\n\t<meta property=\"og:image:height\" content=\"1350\" \/>\n\t<meta property=\"og:image:type\" content=\"image\/jpeg\" \/>\n<meta name=\"twitter:card\" content=\"summary_large_image\" \/>\n<meta name=\"twitter:label1\" content=\"Est. reading time\" \/>\n\t<meta name=\"twitter:data1\" content=\"1 minute\" \/>\n<script type=\"application\/ld+json\" class=\"yoast-schema-graph\">{\"@context\":\"https:\\\/\\\/schema.org\",\"@graph\":[{\"@type\":\"WebPage\",\"@id\":\"https:\\\/\\\/blanqhia.com\\\/contacto\\\/\",\"url\":\"https:\\\/\\\/blanqhia.com\\\/contacto\\\/\",\"name\":\"Cont\u00e1ctanos | Lavander\u00eda y Tintorer\u00eda en Puerto Vallarta\",\"isPartOf\":{\"@id\":\"https:\\\/\\\/blanqhia.com\\\/#website\"},\"primaryImageOfPage\":{\"@id\":\"https:\\\/\\\/blanqhia.com\\\/contacto\\\/#primaryimage\"},\"image\":{\"@id\":\"https:\\\/\\\/blanqhia.com\\\/contacto\\\/#primaryimage\"},\"thumbnailUrl\":\"https:\\\/\\\/blanqhia.com\\\/wp-content\\\/uploads\\\/2024\\\/07\\\/433442252_767610082133342_1991502450488270914_n.jpg\",\"datePublished\":\"2025-03-14T19:42:28+00:00\",\"dateModified\":\"2026-04-07T04:03:23+00:00\",\"description\":\"Comun\u00edcate para servicios profesionales de lavander\u00eda y tintorer\u00eda en Puerto Vallarta. Ofrecemos lavado, planchado y servicio a domicilio.\",\"breadcrumb\":{\"@id\":\"https:\\\/\\\/blanqhia.com\\\/contacto\\\/#breadcrumb\"},\"inLanguage\":\"en-US\",\"potentialAction\":[{\"@type\":\"ReadAction\",\"target\":[\"https:\\\/\\\/blanqhia.com\\\/contacto\\\/\"]}]},{\"@type\":\"ImageObject\",\"inLanguage\":\"en-US\",\"@id\":\"https:\\\/\\\/blanqhia.com\\\/contacto\\\/#primaryimage\",\"url\":\"https:\\\/\\\/blanqhia.com\\\/wp-content\\\/uploads\\\/2024\\\/07\\\/433442252_767610082133342_1991502450488270914_n.jpg\",\"contentUrl\":\"https:\\\/\\\/blanqhia.com\\\/wp-content\\\/uploads\\\/2024\\\/07\\\/433442252_767610082133342_1991502450488270914_n.jpg\",\"width\":1079,\"height\":1350,\"caption\":\"Camioneta de Blanqh\u00eda en la sucursal, destinada a la recolecci\u00f3n y entrega de ropa para nuestro servicio a domicilio gratuito\"},{\"@type\":\"BreadcrumbList\",\"@id\":\"https:\\\/\\\/blanqhia.com\\\/contacto\\\/#breadcrumb\",\"itemListElement\":[{\"@type\":\"ListItem\",\"position\":1,\"name\":\"Inicio\",\"item\":\"https:\\\/\\\/blanqhia.com\\\/\"},{\"@type\":\"ListItem\",\"position\":2,\"name\":\"Cont\u00e1ctanos\"}]},{\"@type\":\"WebSite\",\"@id\":\"https:\\\/\\\/blanqhia.com\\\/#website\",\"url\":\"https:\\\/\\\/blanqhia.com\\\/\",\"name\":\"BLANQH\u00cdA | Tintorer\u00eda y Lavander\u00eda\",\"description\":\"Cuidamos tu ropa como si fuera nuestra\",\"publisher\":{\"@id\":\"https:\\\/\\\/blanqhia.com\\\/#organization\"},\"alternateName\":\"BLANQH\u00cdA\",\"potentialAction\":[{\"@type\":\"SearchAction\",\"target\":{\"@type\":\"EntryPoint\",\"urlTemplate\":\"https:\\\/\\\/blanqhia.com\\\/?s={search_term_string}\"},\"query-input\":{\"@type\":\"PropertyValueSpecification\",\"valueRequired\":true,\"valueName\":\"search_term_string\"}}],\"inLanguage\":\"en-US\"},{\"@type\":\"Organization\",\"@id\":\"https:\\\/\\\/blanqhia.com\\\/#organization\",\"name\":\"BLANQH\u00cdA | Tintorer\u00eda y Lavado\",\"alternateName\":\"BLANQH\u00cdA\",\"url\":\"https:\\\/\\\/blanqhia.com\\\/\",\"logo\":{\"@type\":\"ImageObject\",\"inLanguage\":\"en-US\",\"@id\":\"https:\\\/\\\/blanqhia.com\\\/#\\\/schema\\\/logo\\\/image\\\/\",\"url\":\"https:\\\/\\\/blanqhia.com\\\/wp-content\\\/uploads\\\/2024\\\/07\\\/cropped-Blanqhia-Logotipo-Isotipo-10-1-2.png\",\"contentUrl\":\"https:\\\/\\\/blanqhia.com\\\/wp-content\\\/uploads\\\/2024\\\/07\\\/cropped-Blanqhia-Logotipo-Isotipo-10-1-2.png\",\"width\":512,\"height\":512,\"caption\":\"BLANQH\u00cdA | Tintorer\u00eda y Lavado\"},\"image\":{\"@id\":\"https:\\\/\\\/blanqhia.com\\\/#\\\/schema\\\/logo\\\/image\\\/\"},\"sameAs\":[\"https:\\\/\\\/www.facebook.com\\\/blanqhia\",\"https:\\\/\\\/www.instagram.com\\\/blanqhia_tintoreria\\\/\"],\"description\":\"BLANQH\u00cdA es la mejor opci\u00f3n en servicios de lavander\u00eda y tintorer\u00eda en Puerto Vallarta y Nuevo Vallarta. Con tres sucursales, ofrecemos lavado, secado, planchado, limpieza en seco y autoservicio de lavander\u00eda. Nuestro servicio a domicilio gratuito en \u00e1reas cercanas asegura la m\u00e1xima comodidad para nuestros clientes. En BLANQH\u00cdA, utilizamos productos eco-amigables y contamos con un equipo experto, garantizando que tus prendas reciban el mejor cuidado. \u00a1Conf\u00eda en nosotros para mantener tu ropa impecable!\",\"email\":\"contacto@blanqhia.com\",\"telephone\":\"+523221079851\",\"legalName\":\"BLANQH\u00cdA\",\"foundingDate\":\"2010-01-01\",\"numberOfEmployees\":{\"@type\":\"QuantitativeValue\",\"minValue\":\"1\",\"maxValue\":\"10\"},\"publishingPrinciples\":\"https:\\\/\\\/blanqhia.com\\\/politica-de-privacidad\\\/\"}]}<\/script>\n<!-- \/ Yoast SEO Premium plugin. -->","yoast_head_json":{"title":"Cont\u00e1ctanos | Lavander\u00eda y Tintorer\u00eda en Puerto Vallarta","description":"Comun\u00edcate para servicios profesionales de lavander\u00eda y tintorer\u00eda en Puerto Vallarta. Ofrecemos lavado, planchado y servicio a domicilio.","robots":{"index":"index","follow":"follow","max-snippet":"max-snippet:-1","max-image-preview":"max-image-preview:large","max-video-preview":"max-video-preview:-1"},"canonical":"https:\/\/blanqhia.com\/eng\/contacto\/","og_locale":"en_US","og_type":"article","og_title":"BLANQH\u00cdA | La mejor Tintorer\u00eda y Lavander\u00eda en Puerto Vallarta","og_description":"Limpieza en seco, planchado impecable, autoservicio y servicio a domicilio. Cuidamos tu ropa con productos de calidad.","og_url":"https:\/\/blanqhia.com\/eng\/contacto\/","og_site_name":"BLANQH\u00cdA","article_publisher":"https:\/\/www.facebook.com\/blanqhia","article_modified_time":"2026-04-07T04:03:23+00:00","og_image":[{"width":1079,"height":1350,"url":"https:\/\/blanqhia.com\/wp-content\/uploads\/2024\/07\/433442252_767610082133342_1991502450488270914_n.jpg","type":"image\/jpeg"}],"twitter_card":"summary_large_image","twitter_misc":{"Est. reading time":"1 minute"},"schema":{"@context":"https:\/\/schema.org","@graph":[{"@type":"WebPage","@id":"https:\/\/blanqhia.com\/contacto\/","url":"https:\/\/blanqhia.com\/contacto\/","name":"Cont\u00e1ctanos | Lavander\u00eda y Tintorer\u00eda en Puerto Vallarta","isPartOf":{"@id":"https:\/\/blanqhia.com\/#website"},"primaryImageOfPage":{"@id":"https:\/\/blanqhia.com\/contacto\/#primaryimage"},"image":{"@id":"https:\/\/blanqhia.com\/contacto\/#primaryimage"},"thumbnailUrl":"https:\/\/blanqhia.com\/wp-content\/uploads\/2024\/07\/433442252_767610082133342_1991502450488270914_n.jpg","datePublished":"2025-03-14T19:42:28+00:00","dateModified":"2026-04-07T04:03:23+00:00","description":"Comun\u00edcate para servicios profesionales de lavander\u00eda y tintorer\u00eda en Puerto Vallarta. Ofrecemos lavado, planchado y servicio a domicilio.","breadcrumb":{"@id":"https:\/\/blanqhia.com\/contacto\/#breadcrumb"},"inLanguage":"en-US","potentialAction":[{"@type":"ReadAction","target":["https:\/\/blanqhia.com\/contacto\/"]}]},{"@type":"ImageObject","inLanguage":"en-US","@id":"https:\/\/blanqhia.com\/contacto\/#primaryimage","url":"https:\/\/blanqhia.com\/wp-content\/uploads\/2024\/07\/433442252_767610082133342_1991502450488270914_n.jpg","contentUrl":"https:\/\/blanqhia.com\/wp-content\/uploads\/2024\/07\/433442252_767610082133342_1991502450488270914_n.jpg","width":1079,"height":1350,"caption":"Camioneta de Blanqh\u00eda en la sucursal, destinada a la recolecci\u00f3n y entrega de ropa para nuestro servicio a domicilio gratuito"},{"@type":"BreadcrumbList","@id":"https:\/\/blanqhia.com\/contacto\/#breadcrumb","itemListElement":[{"@type":"ListItem","position":1,"name":"Inicio","item":"https:\/\/blanqhia.com\/"},{"@type":"ListItem","position":2,"name":"Cont\u00e1ctanos"}]},{"@type":"WebSite","@id":"https:\/\/blanqhia.com\/#website","url":"https:\/\/blanqhia.com\/","name":"BLANQH\u00cdA | Tintorer\u00eda y Lavander\u00eda","description":"Cuidamos tu ropa como si fuera nuestra","publisher":{"@id":"https:\/\/blanqhia.com\/#organization"},"alternateName":"BLANQH\u00cdA","potentialAction":[{"@type":"SearchAction","target":{"@type":"EntryPoint","urlTemplate":"https:\/\/blanqhia.com\/?s={search_term_string}"},"query-input":{"@type":"PropertyValueSpecification","valueRequired":true,"valueName":"search_term_string"}}],"inLanguage":"en-US"},{"@type":"Organization","@id":"https:\/\/blanqhia.com\/#organization","name":"BLANQH\u00cdA | Tintorer\u00eda y Lavado","alternateName":"BLANQH\u00cdA","url":"https:\/\/blanqhia.com\/","logo":{"@type":"ImageObject","inLanguage":"en-US","@id":"https:\/\/blanqhia.com\/#\/schema\/logo\/image\/","url":"https:\/\/blanqhia.com\/wp-content\/uploads\/2024\/07\/cropped-Blanqhia-Logotipo-Isotipo-10-1-2.png","contentUrl":"https:\/\/blanqhia.com\/wp-content\/uploads\/2024\/07\/cropped-Blanqhia-Logotipo-Isotipo-10-1-2.png","width":512,"height":512,"caption":"BLANQH\u00cdA | Tintorer\u00eda y Lavado"},"image":{"@id":"https:\/\/blanqhia.com\/#\/schema\/logo\/image\/"},"sameAs":["https:\/\/www.facebook.com\/blanqhia","https:\/\/www.instagram.com\/blanqhia_tintoreria\/"],"description":"BLANQH\u00cdA es la mejor opci\u00f3n en servicios de lavander\u00eda y tintorer\u00eda en Puerto Vallarta y Nuevo Vallarta. Con tres sucursales, ofrecemos lavado, secado, planchado, limpieza en seco y autoservicio de lavander\u00eda. Nuestro servicio a domicilio gratuito en \u00e1reas cercanas asegura la m\u00e1xima comodidad para nuestros clientes. En BLANQH\u00cdA, utilizamos productos eco-amigables y contamos con un equipo experto, garantizando que tus prendas reciban el mejor cuidado. \u00a1Conf\u00eda en nosotros para mantener tu ropa impecable!","email":"contacto@blanqhia.com","telephone":"+523221079851","legalName":"BLANQH\u00cdA","foundingDate":"2010-01-01","numberOfEmployees":{"@type":"QuantitativeValue","minValue":"1","maxValue":"10"},"publishingPrinciples":"https:\/\/blanqhia.com\/politica-de-privacidad\/"}]}},"brizy_media":[{"id":569,"url":"https:\/\/blanqhia.com\/wp-content\/uploads\/2024\/07\/433442252_767610082133342_1991502450488270914_n.jpg","name":"433442252_767610082133342_1991502450488270914_n.jpg","meta":{"brizy_attachment_uid":"wp-6bb31b73f3010c8059fc54d53b81242d.jpg","brizy_post_uid":["cbdc24d3c5f6589aff645ef87c2a89b1","0d42418cdc5ecceec0420e19a23d11b6"]}}],"_links":{"self":[{"href":"https:\/\/blanqhia.com\/eng\/wp-json\/wp\/v2\/pages\/2953","targetHints":{"allow":["GET"]}}],"collection":[{"href":"https:\/\/blanqhia.com\/eng\/wp-json\/wp\/v2\/pages"}],"about":[{"href":"https:\/\/blanqhia.com\/eng\/wp-json\/wp\/v2\/types\/page"}],"author":[{"embeddable":true,"href":"https:\/\/blanqhia.com\/eng\/wp-json\/wp\/v2\/users\/1"}],"replies":[{"embeddable":true,"href":"https:\/\/blanqhia.com\/eng\/wp-json\/wp\/v2\/comments?post=2953"}],"version-history":[{"count":30,"href":"https:\/\/blanqhia.com\/eng\/wp-json\/wp\/v2\/pages\/2953\/revisions"}],"predecessor-version":[{"id":4314,"href":"https:\/\/blanqhia.com\/eng\/wp-json\/wp\/v2\/pages\/2953\/revisions\/4314"}],"wp:featuredmedia":[{"embeddable":true,"href":"https:\/\/blanqhia.com\/eng\/wp-json\/wp\/v2\/media\/569"}],"wp:attachment":[{"href":"https:\/\/blanqhia.com\/eng\/wp-json\/wp\/v2\/media?parent=2953"}],"curies":[{"name":"wp","href":"https:\/\/api.w.org\/{rel}","templated":true}]}}