{"id":2738,"date":"2025-03-11T04:00:37","date_gmt":"2025-03-11T04:00:37","guid":{"rendered":"https:\/\/blanqhia.com\/?page_id=2738"},"modified":"2026-04-07T19:14:55","modified_gmt":"2026-04-07T19:14:55","slug":"facturacion","status":"publish","type":"page","link":"https:\/\/blanqhia.com\/eng\/facturacion\/","title":{"rendered":"Billing"},"content":{"rendered":"<div class=\"brz brz-root__container brz-reset-all brz-root__container-page\">\n<section id=\"wooG2wRkmIX4_wooG2wRkmIX4\" class=\"brz-section brz-css-d-section brz-css-1sfu69f\">\n<div class=\"brz-section__content brz-section--boxed brz-css-d-sectionitem-bg brz-css-1x8y1ox\" data-brz-custom-id=\"pGzg5yqxgB1z\">\n<div class=\"brz-container brz-css-d-sectionitem-container brz-css-11imj9n\">\n<div id=\"\" class=\"brz-css-d-wrapper brz-css-1qr7yy1 brz-wrapper\">\n<div class=\"brz-rich-text brz-rich-text__custom brz-css-d-richtext brz-css-y9qx9m\" data-brz-custom-id=\"dRDAQDcb1ElZ\">\n<div data-brz-translate-text=\"1\">\n<h1 class=\"brz-text-lg-center brz-tp-xs-heading1 brz-tp-sm-heading1 brz-tp-lg-heading1 brz-css-vr3BU\" data-generated-css=\"brz-css-xfRtm\" data-uniq-id=\"bR8oy\"><span class=\"brz-cp-color3\">Electronic Invoicing<\/span><\/h1>\n<\/div>\n<\/div>\n<\/div>\n<div id=\"\" class=\"brz-css-d-wrapper brz-css-49fmvc brz-wrapper\">\n<div class=\"brz-rich-text brz-rich-text__custom brz-css-d-richtext brz-css-1if13aq\" data-brz-custom-id=\"kZf565mnszOu\">\n<div data-brz-translate-text=\"1\">\n<p class=\"brz-tp-sm-subtitle brz-tp-lg-subtitle brz-text-lg-center brz-tp-xs-paragraph brz-css-xiC7Z\" data-generated-css=\"brz-css-uqctY\" data-uniq-id=\"rrRst\"><span class=\"brz-cp-color3\">Have your paid purchase receipt ready and make sure you correctly enter your updated tax information for smooth billing.<\/span><\/p>\n<\/div>\n<\/div>\n<\/div>\n<div id=\"\" class=\"brz-css-d-wrapper brz-css-r-wrapper brz-css-dhiezj brz-wrapper\">\n<div class=\"brz-spacer brz-css-d-spacer brz-css-2hbohv\"><\/div>\n<\/div>\n<div id=\"\" class=\"brz-css-d-wrapper brz-css-1ow6uko brz-wrapper\">\n<div data-brz-form-version=\"2\" class=\"brz-forms2 brz-css-d-form2-form brz-css-1xmsrok\" data-brz-custom-id=\"nSPZ28nz1ttS\">\n<div data-brz-translate-text=\"1\" class=\"brz-forms2__item brz-css-d-form2fields-fields brz-css-hchiv brz-css-d-form2field-field brz-css-5vi0cp\"><\/div>\n<div data-brz-translate-text=\"1\" class=\"brz-forms2__item brz-css-d-form2fields-fields brz-css-hchiv brz-css-d-form2field-field brz-css-1xxwnd4\"><\/div>\n<div data-brz-translate-text=\"1\" class=\"brz-forms2__item brz-css-d-form2fields-fields brz-css-hchiv brz-css-d-form2field-field brz-css-61u4fh\"><\/div>\n<div data-brz-translate-text=\"1\" class=\"brz-forms2__item brz-css-d-form2fields-fields brz-css-hchiv brz-css-d-form2field-field brz-css-f7ut6z\"><\/div>\n<div data-brz-translate-text=\"1\" class=\"brz-forms2__item brz-css-d-form2fields-fields brz-css-hchiv brz-css-d-form2field-field brz-css-j2eg63\"><\/div>\n<div data-brz-translate-text=\"1\" class=\"brz-forms2__item brz-css-d-form2fields-fields brz-css-hchiv brz-css-d-form2field-field brz-css-1p5r0ic\">\n<div class=\"brz-forms2__field brz-forms2__field-select brz-css-d-form2fields-field_select brz-css-5xa22s\">Forma de Pago01 &#8211; Efectivo03 &#8211; Transferencia Electr\u00f3nica04 &#8211; Tarjeta de Cr\u00e9dito28 &#8211; Tarjeta de DebitoOtro.<\/div>\n<\/div>\n<div data-brz-translate-text=\"1\" class=\"brz-forms2__item brz-css-d-form2fields-fields brz-css-hchiv brz-css-d-form2field-field brz-css-1wq36o7\">\n<div class=\"brz-forms2__field brz-forms2__field-select brz-css-d-form2fields-field_select brz-css-5xa22s\">Uso del CFDI*G01 &#8211; Adquisici\u00f3n de mercanc\u00edasG02 &#8211; Devoluciones, descuentos o bonificacionesG03 &#8211; Gastos en generalI01 &#8211; ConstruccionesI02 &#8211; Mobiliario y equipo de oficina para inversionesI03 &#8211; Equipo de transporteI04 &#8211; Equipo de c\u00f3mputo y accesoriosI05 &#8211; Dados, troqueles, moldes, matrices y herramentalI06 &#8211; Comunicaciones telef\u00f3nicasI07 &#8211; Comunicaciones satelitalesI08 &#8211; Otra maquinaria y equipoD01 &#8211; Honorarios m\u00e9dicos, dentales y hospitalariosD02 &#8211; Gastos m\u00e9dicos por incapacidad o discapacidadD03 &#8211; Gastos funeralesD04 &#8211; DonativosD05 &#8211; Intereses reales pagados por cr\u00e9ditos hipotecariosD06 &#8211; Aportaciones voluntarias al SARD07 &#8211; Primas de seguros de gastos m\u00e9dicosD08 &#8211; Gastos de transportaci\u00f3n escolar obligatoriaD09 &#8211; Dep\u00f3sitos en cuentas para el ahorro, primas de pensionesD10 &#8211; Pagos por servicios educativos (colegiaturas)S01 &#8211; Sin efectos fiscalesCP01 &#8211; PagosCN01 &#8211; N\u00f3mina<\/div>\n<\/div>\n<div data-brz-translate-text=\"1\" class=\"brz-forms2__item brz-css-d-form2fields-fields brz-css-hchiv brz-css-d-form2field-field brz-css-1ebckv6\">\n<div class=\"brz-forms2__field brz-forms2__field-select brz-css-d-form2fields-field_select brz-css-5xa22s\">R\u00e9gimen Fiscal*601 &#8211; General de Ley Personas Morales603 &#8211; Personas Morales con Fines no Lucrativos605 &#8211; Sueldos y Salarios e Ingresos Asimilados a Salarios606 &#8211; Arrendamiento607 &#8211; R\u00e9gimen de Enajenaci\u00f3n o Adquisici\u00f3n de Bienes608 &#8211; Dem\u00e1s ingresos610 &#8211; Residentes en el Extranjero sin Establecimiento Permanente en M\u00e9xico611 &#8211; Ingresos por Dividendos (socios y accionistas)612 &#8211; Personas F\u00edsicas con Actividades Empresariales y Profesionales614 &#8211; Ingresos por intereses615 &#8211; R\u00e9gimen de los ingresos por obtenci\u00f3n de premios616 &#8211; Sin obligaciones fiscales620 &#8211; Sociedades Cooperativas de Producci\u00f3n que optan por diferir sus ingresos621 &#8211; Incorporaci\u00f3n Fiscal622 &#8211; Actividades Agr\u00edcolas, Ganaderas, Silv\u00edcolas y Pesqueras623 &#8211; Opcional para Grupos de Sociedades624 &#8211; Coordinados625 &#8211; R\u00e9gimen de las Actividades Empresariales con ingresos a trav\u00e9s de Plataformas Tecnol\u00f3gicas626 &#8211; R\u00e9gimen Simplificado de Confianza<\/div>\n<\/div>\n<div data-brz-translate-text=\"1\" class=\"brz-forms2__item brz-css-d-form2fields-fields brz-css-hchiv brz-css-d-form2field-field brz-css-hxsib3\">\n<div class=\"brz-input__upload brz-input brz-forms2__field brz-forms2__field-fileUpload\"><label for=\"mqSyHzSCppC4_1517e9457228b3f8900c\" class=\"brz-label\"><span class=\"brz-span\">Upload a photo of your payment receipt*<\/span><span class=\"brz-button\">Upload Ticket<\/span><\/label><\/div>\n<\/div>\n<div class=\"brz-forms2 brz-forms2__item brz-forms2__item-button\" data-brz-custom-id=\"nSPZ28nz1ttS\"><button class=\"brz-btn brz-btn-submit brz-css-d-button-bg brz-css-stjqmh\" data-brz-custom-id=\"vKo_2LbXCSt5\"><span data-brz-translate-text=\"1\" class=\"brz-span brz-text__editor\">SEND MESSAGE<\/span><\/button><\/div>\n<div class=\"brz-forms2__messages brz-css-d-form2-messages\"><\/div>\n<div class=\"brz-g-recaptcha\" data-sitekey=\"\" data-size=\"invisible\" data-callback=\"brzFormV2Captcha\"><\/div>\n<\/div>\n<\/div>\n<div id=\"\" class=\"brz-css-d-wrapper brz-css-r-wrapper brz-css-ou86qz brz-wrapper\">\n<div class=\"brz-spacer brz-css-d-spacer brz-css-dpl4v1\"><\/div>\n<\/div>\n<div id=\"\" class=\"brz-css-d-wrapper brz-css-1dfzm8o brz-wrapper\">\n<div class=\"brz-rich-text brz-rich-text__custom brz-css-d-richtext brz-css-160ubof\" data-brz-custom-id=\"qNw320wWv0nq\">\n<div data-brz-translate-text=\"1\">\n<ul>\n<li class=\"brz-text-lg-left brz-text-xs-left brz-tp-lg-paragraph,empty brz-css-mqyTD\" data-generated-css=\"brz-css-txEIF\" data-uniq-id=\"gvlvl\">Without the paid purchase receipt, no invoice will be issued.<\/li>\n<li class=\"brz-text-lg-left brz-text-xs-left brz-tp-lg-paragraph,empty brz-css-s5ctM\" data-generated-css=\"brz-css-bTylR\" data-uniq-id=\"b6c08\">You will receive your invoice by email within 5 business days or before the end of the month.<\/li>\n<li class=\"brz-text-lg-left brz-text-xs-left brz-tp-lg-paragraph,empty brz-css-odsxa\" data-generated-css=\"brz-css-u1yeF\" data-uniq-id=\"oPKlr\">Please note that invoices are not issued on the last business day of the month.<\/li>\n<li class=\"brz-text-lg-left brz-text-xs-left brz-tp-lg-paragraph,empty brz-css-yqQdS\" data-generated-css=\"brz-css-fC7R5\" data-uniq-id=\"tb6al\">Make sure to enter your information correctly and that your tax certificate is no older than 3 months. Otherwise, we may not be able to issue your invoice.<\/li>\n<\/ul>\n<p class=\"brz-text-lg-left brz-text-xs-left brz-tp-lg-paragraph,empty brz-css-dfEjv\" data-generated-css=\"brz-css-eVVZl\" data-uniq-id=\"y7WIm\"><\/p>\n<p class=\"brz-text-xs-center brz-text-lg-left brz-fsft-lg-0 brz-fwdth-lg-100 brz-vfw-lg-400 brz-lh-lg-1_8 brz-ls-lg-m_0_3 brz-fw-lg-500 brz-fss-lg-px brz-fs-lg-14 brz-ft-google brz-ff-manrope brz-tp-lg-empty brz-css-jMRQL\" data-generated-css=\"brz-css-nkA_z\" data-uniq-id=\"mnxyw\">Questions? Contact us on <a class=\"link--external\" href=\"https:\/\/wa.me\/523221079851\" data-brz-link-type=\"external\">(322) 107 9851.<\/a><\/p>\n<\/div>\n<\/div>\n<\/div>\n<\/div>\n<\/div>\n<\/section><\/div>\n<p><!-- version:1773803802 --><\/p>","protected":false},"excerpt":{"rendered":"<p>Facturaci\u00f3n Electr\u00f3nica Ten a la mano tu ticket de compra pagado y aseg\u00farate de ingresar correctamente tus datos de tu constancia fiscal actualizada para una facturaci\u00f3n sin inconvenientes. Forma de Pago01 &#8211; Efectivo03 &#8211; Transferencia Electr\u00f3nica04 &#8211; Tarjeta de Cr\u00e9dito28 &#8211; Tarjeta de DebitoOtro. Uso del CFDI*G01 &#8211; Adquisici\u00f3n de mercanc\u00edasG02 &#8211; Devoluciones, descuentos o&hellip;&nbsp;<\/p>","protected":false},"author":1,"featured_media":0,"parent":0,"menu_order":0,"comment_status":"closed","ping_status":"closed","template":"brizy-blank-template.php","meta":{"neve_meta_sidebar":"","neve_meta_container":"","neve_meta_enable_content_width":"","neve_meta_content_width":0,"neve_meta_title_alignment":"","neve_meta_author_avatar":"","neve_post_elements_order":"","neve_meta_disable_header":"","neve_meta_disable_footer":"","neve_meta_disable_title":"","footnotes":""},"class_list":["post-2738","page","type-page","status-publish","hentry"],"yoast_head":"<!-- This site is optimized with the Yoast SEO Premium plugin v23.1 (Yoast SEO v27.4) - https:\/\/yoast.com\/product\/yoast-seo-premium-wordpress\/ -->\n<title>BLANQH\u00cdA | Facturaci\u00f3n Electr\u00f3nica<\/title>\n<meta name=\"description\" content=\"Genera tu factura con tu ticket de compra en este enlace. Llena tus datos y recibir\u00e1s tu factura por correo electr\u00f3nico.\" \/>\n<meta name=\"robots\" content=\"index, follow, max-snippet:-1, max-image-preview:large, max-video-preview:-1\" \/>\n<link rel=\"canonical\" href=\"https:\/\/blanqhia.com\/eng\/facturacion\/\" \/>\n<meta property=\"og:locale\" content=\"en_US\" \/>\n<meta property=\"og:type\" content=\"article\" \/>\n<meta property=\"og:title\" content=\"BLANQH\u00cdA | Facturaci\u00f3n Electr\u00f3nica\" \/>\n<meta property=\"og:description\" content=\"Genera tu factura con tu ticket de compra en este enlace. Llena tus datos y recibir\u00e1s tu factura por correo electr\u00f3nico.\" \/>\n<meta property=\"og:url\" content=\"https:\/\/blanqhia.com\/eng\/facturacion\/\" \/>\n<meta property=\"og:site_name\" content=\"BLANQH\u00cdA\" \/>\n<meta property=\"article:publisher\" content=\"https:\/\/www.facebook.com\/blanqhia\" \/>\n<meta property=\"article:modified_time\" content=\"2026-04-07T19:14:55+00:00\" \/>\n<meta property=\"og:image\" content=\"https:\/\/blanqhia.com\/wp-content\/uploads\/2025\/03\/facturacion-cfd1-4-coparmex-1140x540-1.jpg\" \/>\n\t<meta property=\"og:image:width\" content=\"1140\" \/>\n\t<meta property=\"og:image:height\" content=\"540\" \/>\n\t<meta property=\"og:image:type\" content=\"image\/jpeg\" \/>\n<meta name=\"twitter:card\" content=\"summary_large_image\" \/>\n<meta name=\"twitter:title\" content=\"BLANQH\u00cdA | La mejor Tintorer\u00eda y Lavander\u00eda en Puerto Vallarta\" \/>\n<meta name=\"twitter:description\" content=\"Limpieza en seco, planchado impecable, autoservicio y servicio a domicilio. Cuidamos tu ropa con productos de calidad.\" \/>\n<meta name=\"twitter:label1\" content=\"Est. reading time\" \/>\n\t<meta name=\"twitter:data1\" content=\"2 minutes\" \/>\n<script type=\"application\/ld+json\" class=\"yoast-schema-graph\">{\"@context\":\"https:\\\/\\\/schema.org\",\"@graph\":[{\"@type\":\"WebPage\",\"@id\":\"https:\\\/\\\/blanqhia.com\\\/facturacion\\\/\",\"url\":\"https:\\\/\\\/blanqhia.com\\\/facturacion\\\/\",\"name\":\"BLANQH\u00cdA | Facturaci\u00f3n Electr\u00f3nica\",\"isPartOf\":{\"@id\":\"https:\\\/\\\/blanqhia.com\\\/#website\"},\"datePublished\":\"2025-03-11T04:00:37+00:00\",\"dateModified\":\"2026-04-07T19:14:55+00:00\",\"description\":\"Genera tu factura con tu ticket de compra en este enlace. Llena tus datos y recibir\u00e1s tu factura por correo electr\u00f3nico.\",\"breadcrumb\":{\"@id\":\"https:\\\/\\\/blanqhia.com\\\/facturacion\\\/#breadcrumb\"},\"inLanguage\":\"en-US\",\"potentialAction\":[{\"@type\":\"ReadAction\",\"target\":[\"https:\\\/\\\/blanqhia.com\\\/facturacion\\\/\"]}]},{\"@type\":\"BreadcrumbList\",\"@id\":\"https:\\\/\\\/blanqhia.com\\\/facturacion\\\/#breadcrumb\",\"itemListElement\":[{\"@type\":\"ListItem\",\"position\":1,\"name\":\"Inicio\",\"item\":\"https:\\\/\\\/blanqhia.com\\\/\"},{\"@type\":\"ListItem\",\"position\":2,\"name\":\"Facturaci\u00f3n\"}]},{\"@type\":\"WebSite\",\"@id\":\"https:\\\/\\\/blanqhia.com\\\/#website\",\"url\":\"https:\\\/\\\/blanqhia.com\\\/\",\"name\":\"BLANQH\u00cdA | Tintorer\u00eda y Lavander\u00eda\",\"description\":\"Cuidamos tu ropa como si fuera nuestra\",\"publisher\":{\"@id\":\"https:\\\/\\\/blanqhia.com\\\/#organization\"},\"alternateName\":\"BLANQH\u00cdA\",\"potentialAction\":[{\"@type\":\"SearchAction\",\"target\":{\"@type\":\"EntryPoint\",\"urlTemplate\":\"https:\\\/\\\/blanqhia.com\\\/?s={search_term_string}\"},\"query-input\":{\"@type\":\"PropertyValueSpecification\",\"valueRequired\":true,\"valueName\":\"search_term_string\"}}],\"inLanguage\":\"en-US\"},{\"@type\":\"Organization\",\"@id\":\"https:\\\/\\\/blanqhia.com\\\/#organization\",\"name\":\"BLANQH\u00cdA | Tintorer\u00eda y Lavado\",\"alternateName\":\"BLANQH\u00cdA\",\"url\":\"https:\\\/\\\/blanqhia.com\\\/\",\"logo\":{\"@type\":\"ImageObject\",\"inLanguage\":\"en-US\",\"@id\":\"https:\\\/\\\/blanqhia.com\\\/#\\\/schema\\\/logo\\\/image\\\/\",\"url\":\"https:\\\/\\\/blanqhia.com\\\/wp-content\\\/uploads\\\/2024\\\/07\\\/cropped-Blanqhia-Logotipo-Isotipo-10-1-2.png\",\"contentUrl\":\"https:\\\/\\\/blanqhia.com\\\/wp-content\\\/uploads\\\/2024\\\/07\\\/cropped-Blanqhia-Logotipo-Isotipo-10-1-2.png\",\"width\":512,\"height\":512,\"caption\":\"BLANQH\u00cdA | Tintorer\u00eda y Lavado\"},\"image\":{\"@id\":\"https:\\\/\\\/blanqhia.com\\\/#\\\/schema\\\/logo\\\/image\\\/\"},\"sameAs\":[\"https:\\\/\\\/www.facebook.com\\\/blanqhia\",\"https:\\\/\\\/www.instagram.com\\\/blanqhia_tintoreria\\\/\"],\"description\":\"BLANQH\u00cdA es la mejor opci\u00f3n en servicios de lavander\u00eda y tintorer\u00eda en Puerto Vallarta y Nuevo Vallarta. Con tres sucursales, ofrecemos lavado, secado, planchado, limpieza en seco y autoservicio de lavander\u00eda. Nuestro servicio a domicilio gratuito en \u00e1reas cercanas asegura la m\u00e1xima comodidad para nuestros clientes. En BLANQH\u00cdA, utilizamos productos eco-amigables y contamos con un equipo experto, garantizando que tus prendas reciban el mejor cuidado. \u00a1Conf\u00eda en nosotros para mantener tu ropa impecable!\",\"email\":\"contacto@blanqhia.com\",\"telephone\":\"+523221079851\",\"legalName\":\"BLANQH\u00cdA\",\"foundingDate\":\"2010-01-01\",\"numberOfEmployees\":{\"@type\":\"QuantitativeValue\",\"minValue\":\"1\",\"maxValue\":\"10\"},\"publishingPrinciples\":\"https:\\\/\\\/blanqhia.com\\\/politica-de-privacidad\\\/\"}]}<\/script>\n<!-- \/ Yoast SEO Premium plugin. -->","yoast_head_json":{"title":"BLANQH\u00cdA | Facturaci\u00f3n Electr\u00f3nica","description":"Genera tu factura con tu ticket de compra en este enlace. Llena tus datos y recibir\u00e1s tu factura por correo electr\u00f3nico.","robots":{"index":"index","follow":"follow","max-snippet":"max-snippet:-1","max-image-preview":"max-image-preview:large","max-video-preview":"max-video-preview:-1"},"canonical":"https:\/\/blanqhia.com\/eng\/facturacion\/","og_locale":"en_US","og_type":"article","og_title":"BLANQH\u00cdA | Facturaci\u00f3n Electr\u00f3nica","og_description":"Genera tu factura con tu ticket de compra en este enlace. Llena tus datos y recibir\u00e1s tu factura por correo electr\u00f3nico.","og_url":"https:\/\/blanqhia.com\/eng\/facturacion\/","og_site_name":"BLANQH\u00cdA","article_publisher":"https:\/\/www.facebook.com\/blanqhia","article_modified_time":"2026-04-07T19:14:55+00:00","og_image":[{"width":1140,"height":540,"url":"https:\/\/blanqhia.com\/wp-content\/uploads\/2025\/03\/facturacion-cfd1-4-coparmex-1140x540-1.jpg","type":"image\/jpeg"}],"twitter_card":"summary_large_image","twitter_title":"BLANQH\u00cdA | La mejor Tintorer\u00eda y Lavander\u00eda en Puerto Vallarta","twitter_description":"Limpieza en seco, planchado impecable, autoservicio y servicio a domicilio. Cuidamos tu ropa con productos de calidad.","twitter_misc":{"Est. reading time":"2 minutes"},"schema":{"@context":"https:\/\/schema.org","@graph":[{"@type":"WebPage","@id":"https:\/\/blanqhia.com\/facturacion\/","url":"https:\/\/blanqhia.com\/facturacion\/","name":"BLANQH\u00cdA | Facturaci\u00f3n Electr\u00f3nica","isPartOf":{"@id":"https:\/\/blanqhia.com\/#website"},"datePublished":"2025-03-11T04:00:37+00:00","dateModified":"2026-04-07T19:14:55+00:00","description":"Genera tu factura con tu ticket de compra en este enlace. Llena tus datos y recibir\u00e1s tu factura por correo electr\u00f3nico.","breadcrumb":{"@id":"https:\/\/blanqhia.com\/facturacion\/#breadcrumb"},"inLanguage":"en-US","potentialAction":[{"@type":"ReadAction","target":["https:\/\/blanqhia.com\/facturacion\/"]}]},{"@type":"BreadcrumbList","@id":"https:\/\/blanqhia.com\/facturacion\/#breadcrumb","itemListElement":[{"@type":"ListItem","position":1,"name":"Inicio","item":"https:\/\/blanqhia.com\/"},{"@type":"ListItem","position":2,"name":"Facturaci\u00f3n"}]},{"@type":"WebSite","@id":"https:\/\/blanqhia.com\/#website","url":"https:\/\/blanqhia.com\/","name":"BLANQH\u00cdA | Tintorer\u00eda y Lavander\u00eda","description":"Cuidamos tu ropa como si fuera nuestra","publisher":{"@id":"https:\/\/blanqhia.com\/#organization"},"alternateName":"BLANQH\u00cdA","potentialAction":[{"@type":"SearchAction","target":{"@type":"EntryPoint","urlTemplate":"https:\/\/blanqhia.com\/?s={search_term_string}"},"query-input":{"@type":"PropertyValueSpecification","valueRequired":true,"valueName":"search_term_string"}}],"inLanguage":"en-US"},{"@type":"Organization","@id":"https:\/\/blanqhia.com\/#organization","name":"BLANQH\u00cdA | Tintorer\u00eda y Lavado","alternateName":"BLANQH\u00cdA","url":"https:\/\/blanqhia.com\/","logo":{"@type":"ImageObject","inLanguage":"en-US","@id":"https:\/\/blanqhia.com\/#\/schema\/logo\/image\/","url":"https:\/\/blanqhia.com\/wp-content\/uploads\/2024\/07\/cropped-Blanqhia-Logotipo-Isotipo-10-1-2.png","contentUrl":"https:\/\/blanqhia.com\/wp-content\/uploads\/2024\/07\/cropped-Blanqhia-Logotipo-Isotipo-10-1-2.png","width":512,"height":512,"caption":"BLANQH\u00cdA | Tintorer\u00eda y Lavado"},"image":{"@id":"https:\/\/blanqhia.com\/#\/schema\/logo\/image\/"},"sameAs":["https:\/\/www.facebook.com\/blanqhia","https:\/\/www.instagram.com\/blanqhia_tintoreria\/"],"description":"BLANQH\u00cdA es la mejor opci\u00f3n en servicios de lavander\u00eda y tintorer\u00eda en Puerto Vallarta y Nuevo Vallarta. Con tres sucursales, ofrecemos lavado, secado, planchado, limpieza en seco y autoservicio de lavander\u00eda. Nuestro servicio a domicilio gratuito en \u00e1reas cercanas asegura la m\u00e1xima comodidad para nuestros clientes. En BLANQH\u00cdA, utilizamos productos eco-amigables y contamos con un equipo experto, garantizando que tus prendas reciban el mejor cuidado. \u00a1Conf\u00eda en nosotros para mantener tu ropa impecable!","email":"contacto@blanqhia.com","telephone":"+523221079851","legalName":"BLANQH\u00cdA","foundingDate":"2010-01-01","numberOfEmployees":{"@type":"QuantitativeValue","minValue":"1","maxValue":"10"},"publishingPrinciples":"https:\/\/blanqhia.com\/politica-de-privacidad\/"}]}},"brizy_media":[],"_links":{"self":[{"href":"https:\/\/blanqhia.com\/eng\/wp-json\/wp\/v2\/pages\/2738","targetHints":{"allow":["GET"]}}],"collection":[{"href":"https:\/\/blanqhia.com\/eng\/wp-json\/wp\/v2\/pages"}],"about":[{"href":"https:\/\/blanqhia.com\/eng\/wp-json\/wp\/v2\/types\/page"}],"author":[{"embeddable":true,"href":"https:\/\/blanqhia.com\/eng\/wp-json\/wp\/v2\/users\/1"}],"replies":[{"embeddable":true,"href":"https:\/\/blanqhia.com\/eng\/wp-json\/wp\/v2\/comments?post=2738"}],"version-history":[{"count":30,"href":"https:\/\/blanqhia.com\/eng\/wp-json\/wp\/v2\/pages\/2738\/revisions"}],"predecessor-version":[{"id":4390,"href":"https:\/\/blanqhia.com\/eng\/wp-json\/wp\/v2\/pages\/2738\/revisions\/4390"}],"wp:attachment":[{"href":"https:\/\/blanqhia.com\/eng\/wp-json\/wp\/v2\/media?parent=2738"}],"curies":[{"name":"wp","href":"https:\/\/api.w.org\/{rel}","templated":true}]}}